{"id":648,"date":"2026-04-22T11:05:53","date_gmt":"2026-04-22T11:05:53","guid":{"rendered":"https:\/\/davidbowie.eu\/?page_id=648"},"modified":"2026-04-22T11:05:55","modified_gmt":"2026-04-22T11:05:55","slug":"deutsch","status":"publish","type":"page","link":"https:\/\/davidbowie.eu\/?page_id=648","title":{"rendered":"Deutsch"},"content":{"rendered":"\n<figure class=\"wp-block-image alignfull size-large\"><img loading=\"lazy\" decoding=\"async\" width=\"1024\" height=\"461\" src=\"https:\/\/davidbowie.eu\/wp-content\/uploads\/2025\/10\/leeg-publiek-biblio-1024x461.jpg\" alt=\"\" class=\"wp-image-587\" srcset=\"https:\/\/davidbowie.eu\/wp-content\/uploads\/2025\/10\/leeg-publiek-biblio-1024x461.jpg 1024w, https:\/\/davidbowie.eu\/wp-content\/uploads\/2025\/10\/leeg-publiek-biblio-300x135.jpg 300w, https:\/\/davidbowie.eu\/wp-content\/uploads\/2025\/10\/leeg-publiek-biblio-768x346.jpg 768w, https:\/\/davidbowie.eu\/wp-content\/uploads\/2025\/10\/leeg-publiek-biblio-1536x692.jpg 1536w, https:\/\/davidbowie.eu\/wp-content\/uploads\/2025\/10\/leeg-publiek-biblio-2048x922.jpg 2048w\" sizes=\"auto, (max-width: 1024px) 100vw, 1024px\" \/><figcaption class=\"wp-element-caption\">David Bowie tribute <\/figcaption><\/figure>\n\n\n\n<div id=\"wp-block-themeisle-blocks-advanced-columns-9f4d9dd9\" class=\"wp-block-themeisle-blocks-advanced-columns alignfull has-1-columns has-desktop-equal-layout has-tablet-equal-layout has-mobile-equal-layout has-vertical-unset\"><div class=\"wp-block-themeisle-blocks-advanced-columns-overlay\"><\/div><div class=\"innerblocks-wrap\">\n<div id=\"wp-block-themeisle-blocks-advanced-column-f6aa8746\" class=\"wp-block-themeisle-blocks-advanced-column\">\n<p><\/p>\n\n\n\n<h2 id=\"wp-block-themeisle-blocks-advanced-heading-0fe50d4f\" class=\"wp-block-themeisle-blocks-advanced-heading wp-block-themeisle-blocks-advanced-heading-0fe50d4f\"><strong>Bowie WHO<\/strong> <\/h2>\n\n\n\n<p class=\"has-text-align-center\" style=\"font-size:31px\"><strong>Eine Musiktheaterauff\u00fchrung \u00fcber David Bowie <\/strong><\/p>\n\n\n\n<p>Wer war David Bowie? Wei\u00dft du vielleicht, wer den \u201eThin White Duke\u201c inspiriert hat? Au\u00dferdem: Was wei\u00dft du \u00fcber seine Zeit in Berlin oder seine sp\u00e4teren Alben? Und wusstest du, dass er noch 2013 einen gro\u00dfen Hit in Gro\u00dfbritannien hatte?<\/p>\n\n\n\n<p>Dar\u00fcber hinaus bewundern viele bekannte K\u00fcnstler Bowie so sehr, dass sie sich sogar Tattoos von ihm haben stechen lassen. Andere wiederum spielen seine Songs bis heute live \u2013 genau wie Bowie selbst oft Lieder anderer gro\u00dfer K\u00fcnstler auf der B\u00fchne gespielt hat.<\/p>\n\n\n\n<p>Warum entscheiden sich Theater und Festivals eigentlich f\u00fcr&nbsp;<em>Bowie Who<\/em>?<br>Vor allem ist die Show kompakt und flexibel. Dank des Solo-Setups von Robert Harms klingt sie wie eine komplette Band, und das ganz ohne komplizierte Technik. Dadurch funktioniert die Auff\u00fchrung sehr gut in kleinen und mittleren Spielst\u00e4tten. Gleichzeitig hinterl\u00e4sst sie jedoch einen starken Eindruck beim Publikum. Deshalb eignet sich&nbsp;<em>Bowie Who<\/em>besonders f\u00fcr Theaterprogramme, bei denen sowohl Qualit\u00e4t als auch Effizienz wichtig sind.<\/p>\n\n\n\n<p>Wenn du diese Musik wirklich erleben m\u00f6chtest, solltest du eine Live-Show von&nbsp;<em>Bowie Who<\/em>&nbsp;auf keinen Fall verpassen!<br>W\u00e4hrend der Vorstellung nimmt Robert Harms dich n\u00e4mlich mit auf eine musikalische Reise durch das Leben und die Musik von David Bowie.<\/p>\n\n\n\n<p>In diesem Video wird die Geschichte von Major Tom lebendig \u2013 die Figur, die durch die Hits&nbsp;<em>Space Oddity<\/em>&nbsp;und&nbsp;<em>Ashes to Ashes<\/em>&nbsp;ber\u00fchmt wurde. Robert zeigt auch, wie diese Songs sp\u00e4ter einen deutschen K\u00fcnstler inspiriert haben. Noch heute wird&nbsp;<em>Major Tom (v\u00f6llig losgel\u00f6st)<\/em>&nbsp;jedes Jahr an Silvester am Brandenburger Tor in Berlin gespielt. Und wir alle wissen: Bowie und Berlin waren eine gute Verbindung.<\/p>\n\n\n\n<hr class=\"wp-block-separator has-text-color has-nv-light-bg-color has-css-opacity has-nv-light-bg-background-color has-background\"\/>\n\n\n\n<figure class=\"wp-block-embed is-type-video is-provider-youtube wp-block-embed-youtube wp-embed-aspect-16-9 wp-has-aspect-ratio\"><div class=\"wp-block-embed__wrapper\">\n<div class=\"nv-iframe-embed\"><iframe loading=\"lazy\" title=\"The story of Major Tom told through music. The Bowie Who tribute show.\" width=\"1200\" height=\"675\" src=\"https:\/\/www.youtube.com\/embed\/atsh4qZwAg0?feature=oembed\" frameborder=\"0\" allow=\"accelerometer; autoplay; clipboard-write; encrypted-media; gyroscope; picture-in-picture; web-share\" referrerpolicy=\"strict-origin-when-cross-origin\" allowfullscreen><\/iframe><\/div>\n<\/div><\/figure>\n<\/div>\n<\/div><\/div>\n\n\n\n<div id=\"wp-block-themeisle-blocks-advanced-columns-52e8c179\" class=\"wp-block-themeisle-blocks-advanced-columns alignfull has-1-columns has-desktop-equal-layout has-tablet-equal-layout has-mobile-equal-layout has-vertical-unset\"><div class=\"wp-block-themeisle-blocks-advanced-columns-overlay\"><\/div><div class=\"innerblocks-wrap\">\n<div id=\"wp-block-themeisle-blocks-advanced-column-d45e2b40\" class=\"wp-block-themeisle-blocks-advanced-column\">\n<h2 id=\"wp-block-themeisle-blocks-advanced-heading-539b2a7e\" class=\"wp-block-themeisle-blocks-advanced-heading wp-block-themeisle-blocks-advanced-heading-539b2a7e\">Roberts explanation (English)<\/h2>\n\n\n\n<p>Die Theatershow\u00a0<em>Bowie Who<\/em>\u00a0ist eine musikalische Darstellung des Lebens von David Bowie. Keine verkrampfte Tribute-Act, die auf jede erdenkliche Weise versucht, David Bowie nachzuahmen, sondern einfach eine verdammt gut klingende Performance ohne Schnickschnack. Alle Tracks habe ich selbst eingespielt, und da ich dabei Gitarre spiele und singe, klingt es wie eine komplette Top-Band. Auch die Backing Vocals habe ich selbst eingesungen. <\/p>\n\n\n\n<p>David Bowie war bekannt f\u00fcr seine \u00dcberraschungen bei seinen Live-Konzerten. Das gibt mir die Freiheit, einige Songs auf meine eigene Weise anzupassen \u2013 etwas, das vom Publikum sehr gesch\u00e4tzt wird.<\/p>\n<\/div>\n<\/div><\/div>\n\n\n\n<div id=\"wp-block-themeisle-blocks-advanced-columns-cbb20d04\" class=\"wp-block-themeisle-blocks-advanced-columns alignfull has-1-columns has-desktop-equal-layout has-tablet-equal-layout has-mobile-collapsedRows-layout has-vertical-unset\"><div class=\"wp-block-themeisle-blocks-advanced-columns-overlay\"><\/div><div class=\"innerblocks-wrap\">\n<div id=\"wp-block-themeisle-blocks-advanced-column-a13d6109\" class=\"wp-block-themeisle-blocks-advanced-column\">\n<div style=\"height:16px\" aria-hidden=\"true\" class=\"wp-block-spacer\"><\/div>\n\n\n\n<h4 id=\"wp-block-themeisle-blocks-advanced-heading-193629d3\" class=\"wp-block-themeisle-blocks-advanced-heading wp-block-themeisle-blocks-advanced-heading-193629d3\">Moonage daydream cover by Bowie Who<\/h4>\n\n\n\n<figure class=\"wp-block-embed is-type-video is-provider-youtube wp-block-embed-youtube wp-embed-aspect-16-9 wp-has-aspect-ratio\"><div class=\"wp-block-embed__wrapper\">\n<div class=\"nv-iframe-embed\"><iframe loading=\"lazy\" title=\"Moonage daydream by Bowie Who tribute show.\" width=\"1200\" height=\"675\" src=\"https:\/\/www.youtube.com\/embed\/F_hdevdb-xM?feature=oembed\" frameborder=\"0\" allow=\"accelerometer; autoplay; clipboard-write; encrypted-media; gyroscope; picture-in-picture; web-share\" referrerpolicy=\"strict-origin-when-cross-origin\" allowfullscreen><\/iframe><\/div>\n<\/div><\/figure>\n\n\n\n<hr class=\"wp-block-separator has-text-color has-neve-text-color-color has-css-opacity has-neve-text-color-background-color has-background\"\/>\n\n\n\n<h3 id=\"wp-block-themeisle-blocks-advanced-heading-1e5d004e\" class=\"wp-block-themeisle-blocks-advanced-heading wp-block-themeisle-blocks-advanced-heading-1e5d004e\">Robert Harms<\/h3>\n\n\n\n<p class=\"has-text-align-center has-neve-text-color-color has-text-color\">Vocals\/Guitars\/Keys\/Backingvocals<\/p>\n<\/div>\n<\/div><\/div>\n\n\n\n<div id=\"wp-block-themeisle-blocks-advanced-columns-75b7468c\" class=\"wp-block-themeisle-blocks-advanced-columns alignfull has-1-columns has-desktop-equal-layout has-tablet-equal-layout has-mobile-collapsedRows-layout has-vertical-unset\"><div class=\"wp-block-themeisle-blocks-advanced-columns-overlay\"><\/div><div class=\"innerblocks-wrap\">\n<div id=\"wp-block-themeisle-blocks-advanced-column-ac041b00\" class=\"wp-block-themeisle-blocks-advanced-column\">\n<figure class=\"wp-block-image size-full is-resized\"><img loading=\"lazy\" decoding=\"async\" width=\"1132\" height=\"1040\" src=\"https:\/\/davidbowie.eu\/wp-content\/uploads\/2024\/04\/Goedzw-banner-4kant.jpg\" alt=\"\" class=\"wp-image-462\" style=\"width:678px;height:auto\" srcset=\"https:\/\/davidbowie.eu\/wp-content\/uploads\/2024\/04\/Goedzw-banner-4kant.jpg 1132w, https:\/\/davidbowie.eu\/wp-content\/uploads\/2024\/04\/Goedzw-banner-4kant-300x276.jpg 300w, https:\/\/davidbowie.eu\/wp-content\/uploads\/2024\/04\/Goedzw-banner-4kant-1024x941.jpg 1024w, https:\/\/davidbowie.eu\/wp-content\/uploads\/2024\/04\/Goedzw-banner-4kant-768x706.jpg 768w\" sizes=\"auto, (max-width: 1132px) 100vw, 1132px\" \/><\/figure>\n<\/div>\n<\/div><\/div>\n\n\n\n<div class=\"wp-block-columns is-layout-flex wp-container-core-columns-is-layout-d735db0d wp-block-columns-is-layout-flex\" style=\"border-style:none;border-width:0px;border-top-left-radius:0px;border-top-right-radius:0px;border-bottom-left-radius:0px;border-bottom-right-radius:0px;padding-top:0;padding-right:0;padding-bottom:0;padding-left:0\">\n<div class=\"wp-block-column is-layout-flow wp-block-column-is-layout-flow\" style=\"flex-basis:100%\"><\/div>\n<\/div>\n\n\n\n<div id=\"wp-block-themeisle-blocks-advanced-columns-7da48a0c\" class=\"wp-block-themeisle-blocks-advanced-columns has-1-columns has-desktop-equal-layout has-tablet-equal-layout has-mobile-equal-layout has-vertical-unset\"><div class=\"wp-block-themeisle-blocks-advanced-columns-overlay\"><\/div><div class=\"innerblocks-wrap\">\n<div id=\"wp-block-themeisle-blocks-advanced-column-e0d528e6\" class=\"wp-block-themeisle-blocks-advanced-column\">\n<h2 class=\"wp-block-heading\"><strong>Technische Informationen<\/strong><\/h2>\n\n\n\n<p>Bowie Who ist so konzipiert, dass es Theatern, Clubs, Pubs usw. die Arbeit so einfach wie m\u00f6glich macht. Der Aufbau dauert nur 15 Minuten. Dadurch ist die Show schnell einsatzbereit und sehr flexibel, ohne dabei an musikalischer Qualit\u00e4t einzub\u00fc\u00dfen. Das Ergebnis ist eine intime, aber kraftvolle Performance, die perfekt in kleinen und mittelgro\u00dfen Spielst\u00e4tten funktioniert \u2013 und sogar in Wohnzimmern hervorragend zur Geltung kommen kann.<\/p>\n<\/div>\n<\/div><\/div>\n\n\n\n<figure class=\"wp-block-embed alignwide is-type-video is-provider-youtube wp-block-embed-youtube wp-embed-aspect-16-9 wp-has-aspect-ratio\"><div class=\"wp-block-embed__wrapper\">\n<div class=\"nv-iframe-embed\"><iframe loading=\"lazy\" title=\"Wild is the wind by Bowie Who (the life story of David Bowie)\" width=\"1200\" height=\"675\" src=\"https:\/\/www.youtube.com\/embed\/aGN00cUdbMk?feature=oembed\" frameborder=\"0\" allow=\"accelerometer; autoplay; clipboard-write; encrypted-media; gyroscope; picture-in-picture; web-share\" referrerpolicy=\"strict-origin-when-cross-origin\" allowfullscreen><\/iframe><\/div>\n<\/div><figcaption class=\"wp-element-caption\">Wild is the wind performed 04-04-2026 theatre Cultuurschuur Monster Netherlands<\/figcaption><\/figure>\n\n\n\n<div id=\"wp-block-themeisle-blocks-advanced-columns-3c47c7ad\" class=\"wp-block-themeisle-blocks-advanced-columns alignfull has-1-columns has-desktop-equal-layout has-tablet-equal-layout has-mobile-collapsedRows-layout has-vertical-unset ticss-477960ac\"><div class=\"wp-block-themeisle-blocks-advanced-columns-overlay\"><\/div><div class=\"innerblocks-wrap\">\n<div id=\"wp-block-themeisle-blocks-advanced-column-25768a4b\" class=\"wp-block-themeisle-blocks-advanced-column\">\n<h2 class=\"wp-block-heading\">David Bowie tribute show<\/h2>\n\n\n\n<p>M\u00f6chten Sie diese einzigartige Produktion buchen?\u00a0<em>Bowie Who<\/em>\u00a0ist f\u00fcr die Spielzeit 2026\/2027 verf\u00fcgbar. Kontaktieren Sie uns noch heute f\u00fcr Verf\u00fcgbarkeiten, den technischen Rider und Werbematerialien. Sie erhalten au\u00dferdem Unterst\u00fctzung bei der idealen Einrichtung des Veranstaltungsortes, um das bestm\u00f6gliche Publikumserlebnis zu gew\u00e4hrleisten.<\/p>\n\n\n\n<p class=\"has-large-font-size\"><a href=\"mailto:ziggystardust@casema.nl\" title=\"\">Mail <\/a><\/p>\n<\/div>\n<\/div><\/div>\n\n\n\n<div id=\"wp-block-themeisle-blocks-advanced-columns-f4e5d94b\" class=\"wp-block-themeisle-blocks-advanced-columns alignfull has-1-columns has-desktop-equal-layout has-tablet-equal-layout has-mobile-equal-layout has-vertical-unset\"><div class=\"wp-block-themeisle-blocks-advanced-columns-overlay\"><\/div><div class=\"innerblocks-wrap\">\n<div id=\"wp-block-themeisle-blocks-advanced-column-f75fb355\" class=\"wp-block-themeisle-blocks-advanced-column\">\n<figure class=\"wp-block-embed is-type-video is-provider-youtube wp-block-embed-youtube wp-embed-aspect-16-9 wp-has-aspect-ratio\"><div class=\"wp-block-embed__wrapper\">\n<div class=\"nv-iframe-embed\"><iframe loading=\"lazy\" title=\"Live optreden &quot;Bowie Wie&quot;  theater Dakota 22-05-2024 Den Haag\" width=\"1200\" height=\"675\" src=\"https:\/\/www.youtube.com\/embed\/aIs6-pNePZQ?feature=oembed\" frameborder=\"0\" allow=\"accelerometer; autoplay; clipboard-write; encrypted-media; gyroscope; picture-in-picture; web-share\" referrerpolicy=\"strict-origin-when-cross-origin\" allowfullscreen><\/iframe><\/div>\n<\/div><\/figure>\n\n\n\n<h4 id=\"wp-block-themeisle-blocks-advanced-heading-93fef705\" class=\"wp-block-themeisle-blocks-advanced-heading wp-block-themeisle-blocks-advanced-heading-93fef705\"><\/h4>\n\n\n\n<h2 id=\"wp-block-themeisle-blocks-advanced-heading-d17b6ceb\" class=\"wp-block-themeisle-blocks-advanced-heading wp-block-themeisle-blocks-advanced-heading-d17b6ceb\">Contact Robert<\/h2>\n\n\n\n<div id=\"wp-block-themeisle-blocks-button-group-ef094121\" class=\"wp-block-themeisle-blocks-button-group wp-block-buttons align-center\">\n<div id=\"wp-block-themeisle-blocks-button-248888b4\" class=\"wp-block-themeisle-blocks-button wp-block-button\"><a href=\"mailto:ziggystardust@casema.nl\" target=\"_blank\" rel=\"noopener noreferrer\" class=\"wp-block-button__link\"><span>Do you want to book us!<\/span><\/a><\/div>\n<\/div>\n\n\n\n<hr class=\"wp-block-separator has-text-color has-nv-light-bg-color has-css-opacity has-nv-light-bg-background-color has-background\"\/>\n<\/div>\n<\/div><\/div>\n\n\n\n<div id=\"wp-block-themeisle-blocks-advanced-columns-65bb69d9\" class=\"wp-block-themeisle-blocks-advanced-columns alignfull has-1-columns has-desktop-equal-layout has-tablet-equal-layout has-mobile-collapsedRows-layout has-vertical-unset\"><div class=\"wp-block-themeisle-blocks-advanced-columns-overlay\"><\/div><div class=\"innerblocks-wrap\">\n<div id=\"wp-block-themeisle-blocks-advanced-column-4843cdfd\" class=\"wp-block-themeisle-blocks-advanced-column\">\n<div style=\"height:16px\" aria-hidden=\"true\" class=\"wp-block-spacer\"><\/div>\n\n\n\n<h4 id=\"wp-block-themeisle-blocks-advanced-heading-db4b861e\" class=\"wp-block-themeisle-blocks-advanced-heading wp-block-themeisle-blocks-advanced-heading-db4b861e\"> <\/h4>\n\n\n\n<figure class=\"wp-block-embed is-type-video is-provider-youtube wp-block-embed-youtube wp-embed-aspect-16-9 wp-has-aspect-ratio\"><div class=\"wp-block-embed__wrapper\">\n<div class=\"nv-iframe-embed\"><iframe loading=\"lazy\" title=\"David Bowie tribute Cultuurschuur 06-01-2024. By Bowie Wie (who) Robert &amp; Cary.\" width=\"1200\" height=\"675\" src=\"https:\/\/www.youtube.com\/embed\/74SL4GcwjTs?feature=oembed\" frameborder=\"0\" allow=\"accelerometer; autoplay; clipboard-write; encrypted-media; gyroscope; picture-in-picture; web-share\" referrerpolicy=\"strict-origin-when-cross-origin\" allowfullscreen><\/iframe><\/div>\n<\/div><\/figure>\n\n\n\n<hr class=\"wp-block-separator has-text-color has-neve-text-color-color has-css-opacity has-neve-text-color-background-color has-background\"\/>\n\n\n\n<h3 id=\"wp-block-themeisle-blocks-advanced-heading-8dd0a925\" class=\"wp-block-themeisle-blocks-advanced-heading wp-block-themeisle-blocks-advanced-heading-8dd0a925\"> <\/h3>\n\n\n\n<p class=\"has-text-align-center has-neve-text-color-color has-text-color\">Live gigs are always recorded through a mobile phone, don&#8217;t expect the best quality but this is the most reliable way of showing who we are! <\/p>\n\n\n\n<p class=\"has-text-align-center has-neve-text-color-color has-text-color\">Many thanks to Inge Crijns fotografie<\/p>\n<\/div>\n<\/div><\/div>\n\n\n\n<p><\/p>\n","protected":false},"excerpt":{"rendered":"","protected":false},"author":1,"featured_media":587,"parent":0,"menu_order":0,"comment_status":"closed","ping_status":"closed","template":"page-templates\/template-pagebuilder-full-width.php","meta":{"om_disable_all_campaigns":false,"_monsterinsights_skip_tracking":false,"_monsterinsights_sitenote_active":false,"_monsterinsights_sitenote_note":"","_monsterinsights_sitenote_category":0,"neve_meta_sidebar":"full-width","neve_meta_container":"","neve_meta_enable_content_width":"on","neve_meta_content_width":100,"neve_meta_title_alignment":"","neve_meta_author_avatar":"","neve_post_elements_order":"","neve_meta_disable_header":"","neve_meta_disable_footer":"","neve_meta_disable_title":"","_themeisle_gutenberg_block_has_review":false,"_ti_tpc_template_sync":false,"_ti_tpc_template_id":"rcmmhmz3qadzxjg03fv8","footnotes":""},"class_list":["post-648","page","type-page","status-publish","has-post-thumbnail","hentry"],"aioseo_notices":[],"_links":{"self":[{"href":"https:\/\/davidbowie.eu\/index.php?rest_route=\/wp\/v2\/pages\/648","targetHints":{"allow":["GET"]}}],"collection":[{"href":"https:\/\/davidbowie.eu\/index.php?rest_route=\/wp\/v2\/pages"}],"about":[{"href":"https:\/\/davidbowie.eu\/index.php?rest_route=\/wp\/v2\/types\/page"}],"author":[{"embeddable":true,"href":"https:\/\/davidbowie.eu\/index.php?rest_route=\/wp\/v2\/users\/1"}],"replies":[{"embeddable":true,"href":"https:\/\/davidbowie.eu\/index.php?rest_route=%2Fwp%2Fv2%2Fcomments&post=648"}],"version-history":[{"count":1,"href":"https:\/\/davidbowie.eu\/index.php?rest_route=\/wp\/v2\/pages\/648\/revisions"}],"predecessor-version":[{"id":649,"href":"https:\/\/davidbowie.eu\/index.php?rest_route=\/wp\/v2\/pages\/648\/revisions\/649"}],"wp:featuredmedia":[{"embeddable":true,"href":"https:\/\/davidbowie.eu\/index.php?rest_route=\/wp\/v2\/media\/587"}],"wp:attachment":[{"href":"https:\/\/davidbowie.eu\/index.php?rest_route=%2Fwp%2Fv2%2Fmedia&parent=648"}],"curies":[{"name":"wp","href":"https:\/\/api.w.org\/{rel}","templated":true}]}}